{"id":527,"date":"2018-06-26T18:42:00","date_gmt":"2018-06-26T18:42:00","guid":{"rendered":"https:\/\/www.gs-neuershausen.de\/?page_id=527"},"modified":"2020-09-21T08:08:40","modified_gmt":"2020-09-21T08:08:40","slug":"impressum","status":"publish","type":"page","link":"https:\/\/gs-neuershausen.de\/?page_id=527","title":{"rendered":"Impressum"},"content":{"rendered":"<p class=\"body\">Grundschule Neuershausen<br \/>\nRathausstra\u00dfe 11<br \/>\n79232 March-Neuershausen<br \/>\nVertreten durch Frau Katrin Hergesell<br \/>\nTel.: 07665 3217<br \/>\nMail: <a href=\"mailto:poststelle@04163053.schule.bwl.de\" target=\"_blank\" rel=\"noopener noreferrer\">poststelle@04163053.schule.bwl.de<\/a><\/p>\n<h4 class=\"header_4\">Rechtliche Hinweise:<\/h4>\n<p class=\"body\">Das Layout der Homepage, die verwendeten Grafiken sowie Beitr\u00e4ge und Bilder sind urheberrechtlich gesch\u00fctzt. Jede Verwertung au\u00dferhalb der Grenzen des Urheberrechtsgesetzes ist ohne Genehmigung unzul\u00e4ssig.<\/p>\n<p><strong>Haftungsausschluss<\/strong><\/p>\n<p>Die Informationen, die Sie auf diesem Internetauftritt vorfinden, wurden nach bestem Wissen und Gewissen sorgf\u00e4ltig zusammengestellt und gepr\u00fcft. Es wird jedoch keine Gew\u00e4hr &#8211; weder ausdr\u00fccklich noch stillschweigend &#8211; f\u00fcr die Vollst\u00e4ndigkeit, Richtigkeit, Aktualit\u00e4t oder Qualit\u00e4t und jederzeitige Verf\u00fcgbarkeit der bereit gestellten Informationen \u00fcbernommen. In keinem Fall wird f\u00fcr Sch\u00e4den, die sich aus der Verwendung der abgerufenen Informationen ergeben, eine Haftung \u00fcbernommen.<\/p>\n<p><strong>Internetseiten dritter Anbieter \/ Links<\/strong><\/p>\n<p>Diese Internetseite enth\u00e4lt auch Links oder Verweise auf Internetauftritte Dritter. Diese Links zu den Internetauftritten Dritter stellen keine Zustimmung zu deren Inhalten durch den Herausgeber dar. Es wird keine Verantwortung f\u00fcr die Verf\u00fcgbarkeit oder den Inhalt solcher Internetauftritte \u00fcbernommen und keine Haftung f\u00fcr Sch\u00e4den oder Verletzungen, die aus der Nutzung &#8211; gleich welcher Art &#8211; solcher Inhalte entstehen. Mit den Links zu anderen Internetauftritten wird den Nutzern lediglich der Zugang zur Nutzung der Inhalte vermittelt. F\u00fcr illegale, fehlerhafte oder unvollst\u00e4ndige Inhalte und f\u00fcr Sch\u00e4den, die aus der Nutzung entstehen, haftet allein der Anbieter der Seite, auf welche verwiesen wurde.<\/p>\n","protected":false},"excerpt":{"rendered":"<p>Grundschule Neuershausen Rathausstra\u00dfe 11 79232 March-Neuershausen Vertreten durch Frau Katrin Hergesell Tel.: 07665 3217 Mail: poststelle@04163053.schule.bwl.de Rechtliche Hinweise: Das Layout der Homepage, die verwendeten Grafiken sowie Beitr\u00e4ge und Bilder sind urheberrechtlich gesch\u00fctzt. Jede Verwertung au\u00dferhalb der Grenzen des Urheberrechtsgesetzes ist ohne Genehmigung unzul\u00e4ssig. Haftungsausschluss Die Informationen, die Sie auf diesem Internetauftritt vorfinden, wurden nach bestem &hellip; <a href=\"https:\/\/gs-neuershausen.de\/?page_id=527\" class=\"more-link\"><span class=\"screen-reader-text\">Impressum<\/span> weiterlesen <span class=\"meta-nav\">&rarr;<\/span><\/a><\/p>\n","protected":false},"author":1,"featured_media":0,"parent":0,"menu_order":0,"comment_status":"closed","ping_status":"closed","template":"","meta":{"footnotes":""},"_links":{"self":[{"href":"https:\/\/gs-neuershausen.de\/index.php?rest_route=\/wp\/v2\/pages\/527"}],"collection":[{"href":"https:\/\/gs-neuershausen.de\/index.php?rest_route=\/wp\/v2\/pages"}],"about":[{"href":"https:\/\/gs-neuershausen.de\/index.php?rest_route=\/wp\/v2\/types\/page"}],"author":[{"embeddable":true,"href":"https:\/\/gs-neuershausen.de\/index.php?rest_route=\/wp\/v2\/users\/1"}],"replies":[{"embeddable":true,"href":"https:\/\/gs-neuershausen.de\/index.php?rest_route=%2Fwp%2Fv2%2Fcomments&post=527"}],"version-history":[{"count":7,"href":"https:\/\/gs-neuershausen.de\/index.php?rest_route=\/wp\/v2\/pages\/527\/revisions"}],"predecessor-version":[{"id":864,"href":"https:\/\/gs-neuershausen.de\/index.php?rest_route=\/wp\/v2\/pages\/527\/revisions\/864"}],"wp:attachment":[{"href":"https:\/\/gs-neuershausen.de\/index.php?rest_route=%2Fwp%2Fv2%2Fmedia&parent=527"}],"curies":[{"name":"wp","href":"https:\/\/api.w.org\/{rel}","templated":true}]}}