{"id":2,"date":"2015-01-31T19:41:30","date_gmt":"2015-01-31T19:41:30","guid":{"rendered":"https:\/\/www.gs-neuershausen.de\/?page_id=2"},"modified":"2022-11-25T11:10:42","modified_gmt":"2022-11-25T11:10:42","slug":"beispiel-seite","status":"publish","type":"page","link":"https:\/\/gs-neuershausen.de\/","title":{"rendered":"Unsere Schule"},"content":{"rendered":"<p id=\"magicdomid37\"><span class=\"author-a-t8z68z5z82ze8cz77z7lsz68zb7c\">Wir sind klein und flexibel. Jeder kennt jeden. In unserem Schulhaus leben etwa <\/span><span class=\"author-a-j46mifee0z66zz77z5z70zsjz84z\">8<\/span><span class=\"author-a-t8z68z5z82ze8cz77z7lsz68zb7c\">0 Kinder in vier Klassen, die von 6 Lehrkr\u00e4ften unterrichtet werden.<br \/>\n<\/span><span class=\"author-a-t8z68z5z82ze8cz77z7lsz68zb7c\">In einer famili\u00e4ren Atmosph\u00e4re gestalten Kinder, Lehrer und Eltern unsere Schule und unser Schulleben.<\/span><\/p>\n<div><a href=\"https:\/\/gs-neuershausen.de\/wp-content\/uploads\/2018\/07\/IMG_3907.jpg\" data-rel=\"lightbox-image-0\" data-rl_title=\"\" data-rl_caption=\"\" title=\"\"><img decoding=\"async\" loading=\"lazy\" class=\"alignnone size-full wp-image-635\" src=\"https:\/\/gs-neuershausen.de\/wp-content\/uploads\/2018\/07\/IMG_3907.jpg\" alt=\"Grundschule Neuershausen\" width=\"2816\" height=\"2112\" srcset=\"https:\/\/gs-neuershausen.de\/wp-content\/uploads\/2018\/07\/IMG_3907.jpg 2816w, https:\/\/gs-neuershausen.de\/wp-content\/uploads\/2018\/07\/IMG_3907-300x225.jpg 300w, https:\/\/gs-neuershausen.de\/wp-content\/uploads\/2018\/07\/IMG_3907-768x576.jpg 768w, https:\/\/gs-neuershausen.de\/wp-content\/uploads\/2018\/07\/IMG_3907-1024x768.jpg 1024w\" sizes=\"(max-width: 2816px) 100vw, 2816px\" \/><\/a><\/div>\n<div id=\"magicdomid40\" class=\"\">\n<h3><span class=\"author-a-t8z68z5z82ze8cz77z7lsz68zb7c\">Wir sind \u00fcberschaubar:&nbsp;&nbsp;&nbsp; <\/span><\/h3>\n<\/div>\n<div id=\"magicdomid41\" class=\"\">\n<ul class=\"list-bullet1\">\n<li><span class=\"author-a-t8z68z5z82ze8cz77z7lsz68zb7c\">kleine Schule<\/span><\/li>\n<\/ul>\n<ul>\n<li><span class=\"author-a-t8z68z5z82ze8cz77z7lsz68zb7c\">kleines Kollegium<\/span><\/li>\n<\/ul>\n<ul class=\"list-bullet1\">\n<li><span class=\"author-a-t8z68z5z82ze8cz77z7lsz68zb7c\">kleines Dorf<\/span><\/li>\n<\/ul>\n<\/div>\n<div id=\"magicdomid43\" class=\"\"><\/div>\n<h3 id=\"magicdomid44\"><span class=\"author-a-t8z68z5z82ze8cz77z7lsz68zb7c\">&nbsp;<\/span><span class=\"author-a-t8z68z5z82ze8cz77z7lsz68zb7c\">Wir sind vielseitig:<\/span><\/h3>\n<div id=\"magicdomid46\" class=\"\">\n<ul class=\"list-bullet1\">\n<li><span class=\"author-a-t8z68z5z82ze8cz77z7lsz68zb7c\">Die unterschiedlichen Interessen und Begabungen von Gro\u00df und Klein<br \/>\n<\/span><span class=\"author-a-t8z68z5z82ze8cz77z7lsz68zb7c\">beleben und bereichern den Schulalltag.<\/span><\/li>\n<\/ul>\n<ul class=\"list-bullet1\">\n<li><span class=\"author-a-t8z68z5z82ze8cz77z7lsz68zb7c\">St\u00e4rken und Schw\u00e4chen der Kinder werden individuell ber\u00fccksichtigt.<\/span><\/li>\n<\/ul>\n<\/div>\n<div id=\"magicdomid48\" class=\"\">\n<h3><span class=\"author-a-t8z68z5z82ze8cz77z7lsz68zb7c\">Wir sind spontan:<\/span><\/h3>\n<\/div>\n<div id=\"magicdomid51\" class=\"\">\n<ul class=\"list-bullet1\">\n<li><span class=\"author-a-t8z68z5z82ze8cz77z7lsz68zb7c\">im gegenseitigen Austausch<a href=\"https:\/\/gs-neuershausen.de\/wp-content\/uploads\/2018\/04\/vogel1-1.jpg\" data-rel=\"lightbox-image-1\" data-rl_title=\"\" data-rl_caption=\"\" title=\"\"><img decoding=\"async\" loading=\"lazy\" class=\"alignright wp-image-521\" src=\"https:\/\/gs-neuershausen.de\/wp-content\/uploads\/2018\/04\/vogel1-1.jpg\" alt=\"\" width=\"155\" height=\"141\"><\/a><\/span><\/li>\n<\/ul>\n<\/div>\n<div id=\"magicdomid52\" class=\"\">\n<ul class=\"list-bullet1\">\n<li><span class=\"author-a-t8z68z5z82ze8cz77z7lsz68zb7c\"><span class=\"author-a-t8z68z5z82ze8cz77z7lsz68zb7c\">im direkten Handeln<\/span><\/span><\/li>\n<\/ul>\n<\/div>\n<div id=\"magicdomid53\" class=\"\">\n<ul class=\"list-bullet1\">\n<li><span class=\"author-a-t8z68z5z82ze8cz77z7lsz68zb7c\">in Aktionen und Projekten<br \/>\n<\/span><\/li>\n<\/ul>\n<\/div>\n<div id=\"magicdomid54\" class=\"\">\n<ul class=\"list-bullet1\">\n<li><span class=\"author-a-t8z68z5z82ze8cz77z7lsz68zb7c\">im Ablauf des Schulalltags<\/span><\/li>\n<\/ul>\n<\/div>\n<div id=\"magicdomid56\" class=\"\">\n<h3><span class=\"author-a-t8z68z5z82ze8cz77z7lsz68zb7c\">Wir sind flexibel:<\/span><\/h3>\n<\/div>\n<div id=\"magicdomid57\" class=\"\">\n<ul class=\"list-bullet1\">\n<li><span class=\"author-a-t8z68z5z82ze8cz77z7lsz68zb7c\">Wir handeln situationsgerecht<\/span><\/li>\n<\/ul>\n<ul>\n<li><span class=\"author-a-t8z68z5z82ze8cz77z7lsz68zb7c\">Wir h\u00e4ngen nicht an starren Regeln<\/span><\/li>\n<\/ul>\n<ul class=\"list-bullet1\">\n<li><span class=\"author-a-t8z68z5z82ze8cz77z7lsz68zb7c\">Wir suchen schnelle L\u00f6sungen zum Wohle des Kindes<\/span><\/li>\n<\/ul>\n<\/div>\n","protected":false},"excerpt":{"rendered":"<p>Wir sind klein und flexibel. Jeder kennt jeden. In unserem Schulhaus leben etwa 80 Kinder in vier Klassen, die von 6 Lehrkr\u00e4ften unterrichtet werden. In einer famili\u00e4ren Atmosph\u00e4re gestalten Kinder, Lehrer und Eltern unsere Schule und unser Schulleben. Wir sind \u00fcberschaubar:&nbsp;&nbsp;&nbsp; kleine Schule kleines Kollegium kleines Dorf &nbsp;Wir sind vielseitig: Die unterschiedlichen Interessen und Begabungen &hellip; <a href=\"https:\/\/gs-neuershausen.de\/\" class=\"more-link\"><span class=\"screen-reader-text\">Unsere Schule<\/span> weiterlesen <span class=\"meta-nav\">&rarr;<\/span><\/a><\/p>\n","protected":false},"author":1,"featured_media":0,"parent":0,"menu_order":0,"comment_status":"closed","ping_status":"closed","template":"","meta":{"footnotes":""},"_links":{"self":[{"href":"https:\/\/gs-neuershausen.de\/index.php?rest_route=\/wp\/v2\/pages\/2"}],"collection":[{"href":"https:\/\/gs-neuershausen.de\/index.php?rest_route=\/wp\/v2\/pages"}],"about":[{"href":"https:\/\/gs-neuershausen.de\/index.php?rest_route=\/wp\/v2\/types\/page"}],"author":[{"embeddable":true,"href":"https:\/\/gs-neuershausen.de\/index.php?rest_route=\/wp\/v2\/users\/1"}],"replies":[{"embeddable":true,"href":"https:\/\/gs-neuershausen.de\/index.php?rest_route=%2Fwp%2Fv2%2Fcomments&post=2"}],"version-history":[{"count":41,"href":"https:\/\/gs-neuershausen.de\/index.php?rest_route=\/wp\/v2\/pages\/2\/revisions"}],"predecessor-version":[{"id":1034,"href":"https:\/\/gs-neuershausen.de\/index.php?rest_route=\/wp\/v2\/pages\/2\/revisions\/1034"}],"wp:attachment":[{"href":"https:\/\/gs-neuershausen.de\/index.php?rest_route=%2Fwp%2Fv2%2Fmedia&parent=2"}],"curies":[{"name":"wp","href":"https:\/\/api.w.org\/{rel}","templated":true}]}}