{"id":139,"date":"2018-03-04T07:01:25","date_gmt":"2018-03-04T07:01:25","guid":{"rendered":"https:\/\/www.gs-neuershausen.de\/?page_id=139"},"modified":"2019-11-26T15:29:38","modified_gmt":"2019-11-26T15:29:38","slug":"links","status":"publish","type":"page","link":"https:\/\/gs-neuershausen.de\/?page_id=139","title":{"rendered":"Links"},"content":{"rendered":"<ul>\n<li style=\"text-align: left;\"><a href=\"http:\/\/www.fvgsn.de\" target=\"_blank\" rel=\"noopener noreferrer\">F\u00f6rderverein Kindergarten &amp; Grundschule Neuershausen<\/a><\/li>\n<li><a href=\"https:\/\/www.march.de\/de\/Bildung\/Schulen\" target=\"_blank\" rel=\"noopener noreferrer\">Gemeinde March<\/a><\/li>\n<li><a href=\"http:\/\/www.km-bw.de\/,Lfr\/Startseite\/Service\/Infodienst+Eltern\" target=\"_blank\" rel=\"noopener noreferrer\">Kultusministerium &#8211; Infodienst Eltern<\/a><\/li>\n<li><a href=\"https:\/\/www.tpw-osnabrueck.de\/\" target=\"_blank\" rel=\"noopener noreferrer\">Theaterp\u00e4dagogische Werkstatt Osnabr\u00fcck &#8211; Pr\u00e4ventionsprogramme<\/a><\/li>\n<\/ul>\n","protected":false},"excerpt":{"rendered":"<p>F\u00f6rderverein Kindergarten &amp; Grundschule Neuershausen Gemeinde March Kultusministerium &#8211; Infodienst Eltern Theaterp\u00e4dagogische Werkstatt Osnabr\u00fcck &#8211; Pr\u00e4ventionsprogramme<\/p>\n","protected":false},"author":1,"featured_media":0,"parent":0,"menu_order":0,"comment_status":"closed","ping_status":"closed","template":"","meta":{"footnotes":""},"_links":{"self":[{"href":"https:\/\/gs-neuershausen.de\/index.php?rest_route=\/wp\/v2\/pages\/139"}],"collection":[{"href":"https:\/\/gs-neuershausen.de\/index.php?rest_route=\/wp\/v2\/pages"}],"about":[{"href":"https:\/\/gs-neuershausen.de\/index.php?rest_route=\/wp\/v2\/types\/page"}],"author":[{"embeddable":true,"href":"https:\/\/gs-neuershausen.de\/index.php?rest_route=\/wp\/v2\/users\/1"}],"replies":[{"embeddable":true,"href":"https:\/\/gs-neuershausen.de\/index.php?rest_route=%2Fwp%2Fv2%2Fcomments&post=139"}],"version-history":[{"count":6,"href":"https:\/\/gs-neuershausen.de\/index.php?rest_route=\/wp\/v2\/pages\/139\/revisions"}],"predecessor-version":[{"id":749,"href":"https:\/\/gs-neuershausen.de\/index.php?rest_route=\/wp\/v2\/pages\/139\/revisions\/749"}],"wp:attachment":[{"href":"https:\/\/gs-neuershausen.de\/index.php?rest_route=%2Fwp%2Fv2%2Fmedia&parent=139"}],"curies":[{"name":"wp","href":"https:\/\/api.w.org\/{rel}","templated":true}]}}