{"id":129,"date":"2018-03-04T06:57:29","date_gmt":"2018-03-04T06:57:29","guid":{"rendered":"https:\/\/www.gs-neuershausen.de\/?page_id=129"},"modified":"2018-04-08T19:42:50","modified_gmt":"2018-04-08T19:42:50","slug":"hausordnung","status":"publish","type":"page","link":"https:\/\/gs-neuershausen.de\/?page_id=129","title":{"rendered":"Schulordnung"},"content":{"rendered":"<h3>Allgemeines<\/h3>\n<p><strong>Wir alle wollen uns in der Schule wohlf\u00fchlen und gehen r\u00fccksichtsvoll miteinander um.<\/strong><\/p>\n<ul>\n<li>Wir sind h\u00f6flich zueinander und gr\u00fc\u00dfen uns.<\/li>\n<li>Wenn wir nicht zur Kernzeit angemeldet sind, kommen wir fr\u00fchestens 10 Minuten vor Unterrichtsbeginn.<\/li>\n<li>Wir gehen langsam und leise durch die Flure, h\u00e4ngen unsere Jacken auf und betreten unser Klassenzimmer.<\/li>\n<li>Im Schulhaus und in den Zimmern verhalten wir uns ruhig, um niemanden zu st\u00f6ren.<\/li>\n<li>Was anderen geh\u00f6rt, machen wir nicht kaputt und nehmen es nicht weg.<\/li>\n<li>Ich m\u00f6chte nicht beschimpft und beleidigt werden, also beschimpfe und beleidige ich auch niemand anderen.<\/li>\n<li>Ich m\u00f6chte nicht geschlagen werden, also schlage ich auch niemanden.<\/li>\n<li>Ich m\u00f6chte nicht ausgelacht werden, also lache ich auch niemanden aus.<\/li>\n<li>Ich wehre mich nur mit Worten. Wenn mir das alleine nicht gelingt, hole ich Hilfe bei einem Erwachsenen.<\/li>\n<li>Wenn ich etwas alleine nicht schaffe, freue ich mich, wenn mir jemand hilft. Also helfe ich auch anderen.<\/li>\n<li><strong>Konflikte l\u00f6sen wir miteinander, nicht gegeneinander!<\/strong><\/li>\n<li>Wir achten alle darauf, dass unsere Schule sch\u00f6n und sauber aussieht, und dass nichts kaputt geht.<br \/>\nDazu geh\u00f6rt auch, dass wir M\u00fcll vermeiden und Abf\u00e4lle in die vorgesehenen Beh\u00e4lter werfen.<\/li>\n<\/ul>\n<h3>Unsere gro\u00dfe Pause<\/h3>\n<p>In der gro\u00dfen Pause erholen wir uns drau\u00dfen. Jedes Kind soll ungest\u00f6rt essen und spielen k\u00f6nnen.<br \/>\nKeiner tut dem anderen weh. Auch Worte k\u00f6nnen weh tun.<\/p>\n<p><img decoding=\"async\" loading=\"lazy\" class=\"wp-image-460 alignleft\" src=\"https:\/\/gs-neuershausen.de\/wp-content\/uploads\/2018\/03\/igel_stop-265x300.png\" alt=\"\" width=\"133\" height=\"151\" srcset=\"https:\/\/gs-neuershausen.de\/wp-content\/uploads\/2018\/03\/igel_stop-265x300.png 265w, https:\/\/gs-neuershausen.de\/wp-content\/uploads\/2018\/03\/igel_stop.png 478w\" sizes=\"(max-width: 133px) 100vw, 133px\" \/><\/p>\n<p>&nbsp;<\/p>\n<p>Das Stopp-Zeichen sagt uns:\u00a0 \u201eHalt, sofort aufh\u00f6ren!\u201c<\/p>\n<p>&nbsp;<\/p>\n<p>&nbsp;<\/p>\n<ul>\n<li>Wenn alle Kinder auf dem Hof sind, werden manche Dinge gef\u00e4hrlich. Deshalb laufen und sitzen wir nicht auf den Mauern und spielen nicht an den Toren zum Kindergarten.<\/li>\n<li>Bei so vielen Kindern k\u00f6nnen wir leider nicht Fu\u00dfball spielen.<\/li>\n<li>Der Schulhof darf nicht verlassen werden.<\/li>\n<li>Bei Pausenende versorgen wir alle Spielger\u00e4te.<\/li>\n<li>Beim ersten Gong (Ende der gro\u00dfen Pause) gehen alle Kinder in ihr Klassenzimmer. Jetzt ist noch M\u00f6glichkeit, auf die Toilette zu gehen.<\/li>\n<li>An Regentagen bleiben wir im Schulhaus.<\/li>\n<\/ul>\n<h3>Erwartungen der Schule an die Eltern<\/h3>\n<ul>\n<li>Wir w\u00fcnschen uns einen freundlichen Umgang mit den Lehrkr\u00e4ften und Eltern untereinander.<\/li>\n<li>Die Kinder brauchen Ihre Unterst\u00fctzung beim Richten des Schulranzens (Kontrolle auf Vollst\u00e4ndigkeit f\u00fcr den kommenden Unterrichtstag).<\/li>\n<li>Gegenst\u00e4nde, die Angst machen und gef\u00e4hrlich sind, bringen wir nicht in die Schule. Handys und elektronische Ger\u00e4te bleiben zu Hause.<\/li>\n<li>Geben Sie Ihrem Kind bitte ein gesundes Pausenvesper mit.<br \/>\nW\u00e4hrend der Schulzeit d\u00fcrfen die Kinder nicht zum B\u00e4cker!<\/li>\n<li>Nur Viertkl\u00e4sslern empfehlen wir, nach abgeschlossener Fahrradpr\u00fcfung, mit dem Fahrrad in die Schule zu kommen.<\/li>\n<li>Bei Problemen w\u00fcnschen wir uns ein vertrauensvolles und sachliches Gespr\u00e4ch mit der betreffenden Lehrkraft.<\/li>\n<li>Wir freuen uns, wenn Sie unser Schulleben interessiert und Sie es engagiert mitgestalten.<\/li>\n<\/ul>\n","protected":false},"excerpt":{"rendered":"<p>Allgemeines Wir alle wollen uns in der Schule wohlf\u00fchlen und gehen r\u00fccksichtsvoll miteinander um. Wir sind h\u00f6flich zueinander und gr\u00fc\u00dfen uns. Wenn wir nicht zur Kernzeit angemeldet sind, kommen wir fr\u00fchestens 10 Minuten vor Unterrichtsbeginn. Wir gehen langsam und leise durch die Flure, h\u00e4ngen unsere Jacken auf und betreten unser Klassenzimmer. Im Schulhaus und in &hellip; <a href=\"https:\/\/gs-neuershausen.de\/?page_id=129\" class=\"more-link\"><span class=\"screen-reader-text\">Schulordnung<\/span> weiterlesen <span class=\"meta-nav\">&rarr;<\/span><\/a><\/p>\n","protected":false},"author":1,"featured_media":0,"parent":0,"menu_order":0,"comment_status":"closed","ping_status":"closed","template":"","meta":{"footnotes":""},"_links":{"self":[{"href":"https:\/\/gs-neuershausen.de\/index.php?rest_route=\/wp\/v2\/pages\/129"}],"collection":[{"href":"https:\/\/gs-neuershausen.de\/index.php?rest_route=\/wp\/v2\/pages"}],"about":[{"href":"https:\/\/gs-neuershausen.de\/index.php?rest_route=\/wp\/v2\/types\/page"}],"author":[{"embeddable":true,"href":"https:\/\/gs-neuershausen.de\/index.php?rest_route=\/wp\/v2\/users\/1"}],"replies":[{"embeddable":true,"href":"https:\/\/gs-neuershausen.de\/index.php?rest_route=%2Fwp%2Fv2%2Fcomments&post=129"}],"version-history":[{"count":15,"href":"https:\/\/gs-neuershausen.de\/index.php?rest_route=\/wp\/v2\/pages\/129\/revisions"}],"predecessor-version":[{"id":514,"href":"https:\/\/gs-neuershausen.de\/index.php?rest_route=\/wp\/v2\/pages\/129\/revisions\/514"}],"wp:attachment":[{"href":"https:\/\/gs-neuershausen.de\/index.php?rest_route=%2Fwp%2Fv2%2Fmedia&parent=129"}],"curies":[{"name":"wp","href":"https:\/\/api.w.org\/{rel}","templated":true}]}}