{"id":127,"date":"2018-03-04T06:56:43","date_gmt":"2018-03-04T06:56:43","guid":{"rendered":"https:\/\/www.gs-neuershausen.de\/?page_id=127"},"modified":"2025-09-23T11:20:29","modified_gmt":"2025-09-23T11:20:29","slug":"kolleginnen","status":"publish","type":"page","link":"https:\/\/gs-neuershausen.de\/?page_id=127","title":{"rendered":"Kollegium"},"content":{"rendered":"<p><a href=\"https:\/\/gs-neuershausen.de\/wp-content\/uploads\/2018\/06\/portraits1.jpg\" data-rel=\"lightbox-image-0\" data-rl_title=\"\" data-rl_caption=\"\" title=\"\"><img decoding=\"async\" loading=\"lazy\" class=\"alignnone wp-image-551\" src=\"https:\/\/gs-neuershausen.de\/wp-content\/uploads\/2018\/06\/portraits1-300x57.jpg\" alt=\"\" width=\"400\" height=\"85\" \/><\/a><\/p>\n<p>An unserer Schule unterrichten:<\/p>\n<ul>\n<li>Katrin Hergesell<\/li>\n<li>Nicola Meyer<\/li>\n<li>Nicole Reutter<\/li>\n<li>Ute Sch\u00e4fle<\/li>\n<li>Marika Trautmann (evangelische Pfarrerin)<\/li>\n<li>B\u00e4rbel Vonderstra\u00df<\/li>\n<li>Nicole Maier (<a href=\"https:\/\/gs-neuershausen.de\/?page_id=1119\">Schulsozialarbeiterin<\/a>)<\/li>\n<\/ul>\n<p><a href=\"https:\/\/gs-neuershausen.de\/wp-content\/uploads\/2018\/06\/portraits2.jpg\" data-rel=\"lightbox-image-1\" data-rl_title=\"\" data-rl_caption=\"\" title=\"\"><img decoding=\"async\" loading=\"lazy\" class=\"alignnone wp-image-552\" src=\"https:\/\/gs-neuershausen.de\/wp-content\/uploads\/2018\/06\/portraits2-300x52.jpg\" alt=\"\" width=\"439\" height=\"77\" srcset=\"https:\/\/gs-neuershausen.de\/wp-content\/uploads\/2018\/06\/portraits2-300x52.jpg 300w, https:\/\/gs-neuershausen.de\/wp-content\/uploads\/2018\/06\/portraits2.jpg 488w\" sizes=\"(max-width: 439px) 100vw, 439px\" \/><\/a><\/p>\n","protected":false},"excerpt":{"rendered":"<p>An unserer Schule unterrichten: Katrin Hergesell Nicola Meyer Nicole Reutter Ute Sch\u00e4fle Marika Trautmann (evangelische Pfarrerin) B\u00e4rbel Vonderstra\u00df Nicole Maier (Schulsozialarbeiterin)<\/p>\n","protected":false},"author":1,"featured_media":0,"parent":0,"menu_order":0,"comment_status":"closed","ping_status":"closed","template":"","meta":{"footnotes":""},"_links":{"self":[{"href":"https:\/\/gs-neuershausen.de\/index.php?rest_route=\/wp\/v2\/pages\/127"}],"collection":[{"href":"https:\/\/gs-neuershausen.de\/index.php?rest_route=\/wp\/v2\/pages"}],"about":[{"href":"https:\/\/gs-neuershausen.de\/index.php?rest_route=\/wp\/v2\/types\/page"}],"author":[{"embeddable":true,"href":"https:\/\/gs-neuershausen.de\/index.php?rest_route=\/wp\/v2\/users\/1"}],"replies":[{"embeddable":true,"href":"https:\/\/gs-neuershausen.de\/index.php?rest_route=%2Fwp%2Fv2%2Fcomments&post=127"}],"version-history":[{"count":19,"href":"https:\/\/gs-neuershausen.de\/index.php?rest_route=\/wp\/v2\/pages\/127\/revisions"}],"predecessor-version":[{"id":1174,"href":"https:\/\/gs-neuershausen.de\/index.php?rest_route=\/wp\/v2\/pages\/127\/revisions\/1174"}],"wp:attachment":[{"href":"https:\/\/gs-neuershausen.de\/index.php?rest_route=%2Fwp%2Fv2%2Fmedia&parent=127"}],"curies":[{"name":"wp","href":"https:\/\/api.w.org\/{rel}","templated":true}]}}