{"id":125,"date":"2018-03-04T06:56:10","date_gmt":"2018-03-04T06:56:10","guid":{"rendered":"https:\/\/www.gs-neuershausen.de\/?page_id=125"},"modified":"2024-02-26T13:57:09","modified_gmt":"2024-02-26T13:57:09","slug":"schulprofil","status":"publish","type":"page","link":"https:\/\/gs-neuershausen.de\/?page_id=125","title":{"rendered":"Schulprofil"},"content":{"rendered":"<h3>Wir pr\u00e4gen unsere Schule gemeinsam!<\/h3>\n<p id=\"magicdomid31\"><span class=\"author-a-az82zgz73zuz87zfz84z7z78zlz89z0z87zz79zz85z\">Unsere Schule ist ein Ort, an dem das Zusammenleben gef\u00f6rdert und ge\u00fcbt wird. Die Pers\u00f6nlichkeitsbildung unserer Sch\u00fcler liegt uns sehr am Herzen.\u00a0<\/span><\/p>\n<p><em><span class=\"author-a-az82zgz73zuz87zfz84z7z78zlz89z0z87zz79zz85z\">Unser Ziel sind offene, kritische, selbstst\u00e4ndige, selbstbewusste und teamf\u00e4hige Kinder, die lernen, dass ihre Freiheit nur so weit gehen kann, bis sie den Anderen einschr\u00e4nkt.<\/span><\/em><\/p>\n<p><span class=\"author-a-az82zgz73zuz87zfz84z7z78zlz89z0z87zz79zz85z\">Dazu geh\u00f6rt das gegenseitige Achten und Respektieren als Grundlage des Zusammenlebens. Bew\u00e4hrte Tugenden wie Hilfsbereitschaft, H\u00f6flichkeit, angemessener Umgangston, Zuverl\u00e4ssigkeit, Ehrlichkeit und Anstand sind uns wichtig.<\/span><\/p>\n<p id=\"magicdomid62\"><span class=\"author-a-az82zgz73zuz87zfz84z7z78zlz89z0z87zz79zz85z\">Ausf\u00fchrlicheres dazu: siehe <a href=\"https:\/\/gs-neuershausen.de\/?page_id=129\">Schulordnung.<\/a><\/span><\/p>\n<p id=\"magicdomid64\"><span class=\"author-a-az82zgz73zuz87zfz84z7z78zlz89z0z87zz79zz85z\">Sch\u00fcler, Eltern und Lehrer gestalten gemeinsam das Schulleben und die Feste im Jahreslauf.<\/span><\/p>\n<p id=\"magicdomid66\"><em><span class=\"author-a-az82zgz73zuz87zfz84z7z78zlz89z0z87zz79zz85z\">Wir verstehen Schule als Lern- und Lebensraum. Aktives und selbstst\u00e4ndiges Lernen wird durch Freiarbeit, projektorientierten und klassen\u00fcbergreifenden Unterricht sowie vielf\u00e4ltige Lernmaterialien gef\u00f6rdert.<\/span><\/em><\/p>\n<p><a href=\"https:\/\/gs-neuershausen.de\/wp-content\/uploads\/2018\/10\/Schule_tafelbild.jpg\" data-rel=\"lightbox-image-0\" data-rl_title=\"\" data-rl_caption=\"\" title=\"\"><img decoding=\"async\" loading=\"lazy\" class=\"size-full wp-image-661\" src=\"https:\/\/gs-neuershausen.de\/wp-content\/uploads\/2018\/10\/Schule_tafelbild.jpg\" alt=\"\" width=\"800\" height=\"460\" srcset=\"https:\/\/gs-neuershausen.de\/wp-content\/uploads\/2018\/10\/Schule_tafelbild.jpg 800w, https:\/\/gs-neuershausen.de\/wp-content\/uploads\/2018\/10\/Schule_tafelbild-300x173.jpg 300w, https:\/\/gs-neuershausen.de\/wp-content\/uploads\/2018\/10\/Schule_tafelbild-768x442.jpg 768w\" sizes=\"(max-width: 800px) 100vw, 800px\" \/><\/a><\/p>\n<p id=\"magicdomid68\"><span class=\"author-a-az82zgz73zuz87zfz84z7z78zlz89z0z87zz79zz85z\">Kleine Klassen erm\u00f6glichen eine intensive Begleitung der Kinder. Wir holen die uns anvertrauten Kinder da ab, wo sie jeweils stehen. Wir fordern und f\u00f6rdern ihre Leistung individuell. Ist die Leistungsf\u00e4higkeit eines Kindes verz\u00f6gert, suchen und finden wir gemeinsam L\u00f6sungen.<\/span><\/p>\n<p id=\"magicdomid71\"><strong><span class=\"author-a-az82zgz73zuz87zfz84z7z78zlz89z0z87zz79zz85z\">Unsere Sch\u00fcler sollen ihre Grundschulzeit als positiven Lebensabschnitt in Erinnerung behalten. Er f\u00fchrt ins lebenslange Lernen ein.<\/span><\/strong><\/p>\n<p id=\"magicdomid72\"><span class=\"author-a-az82zgz73zuz87zfz84z7z78zlz89z0z87zz79zz85z\">Und deshalb sind wir:<\/span><\/p>\n<ul class=\"list-bullet1\">\n<li><span class=\"author-a-az82zgz73zuz87zfz84z7z78zlz89z0z87zz79zz85z\">grunds\u00e4tzlich: <\/span><span class=\"author-a-az82zgz73zuz87zfz84z7z78zlz89z0z87zz79zz85z b i\"><b><i>offen und sensibel<\/i><\/b><\/span><\/li>\n<li><span class=\"author-a-az82zgz73zuz87zfz84z7z78zlz89z0z87zz79zz85z\">gegen\u00fcber Sch\u00fclern: <\/span><span class=\"author-a-az82zgz73zuz87zfz84z7z78zlz89z0z87zz79zz85z b i\"><b><i>f\u00f6rdernd und fordernd<a href=\"https:\/\/gs-neuershausen.de\/wp-content\/uploads\/2018\/04\/vogel2-1.jpg\" data-rel=\"lightbox-image-1\" data-rl_title=\"\" data-rl_caption=\"\" title=\"\"><img decoding=\"async\" loading=\"lazy\" class=\"alignright wp-image-520\" src=\"https:\/\/gs-neuershausen.de\/wp-content\/uploads\/2018\/04\/vogel2-1-300x190.jpg\" alt=\"\" width=\"218\" height=\"143\" \/><\/a><\/i><\/b><\/span><\/li>\n<li><span class=\"author-a-az82zgz73zuz87zfz84z7z78zlz89z0z87zz79zz85z\">gegen\u00fcber Beh\u00f6rden: <\/span><span class=\"author-a-az82zgz73zuz87zfz84z7z78zlz89z0z87zz79zz85z b i\"><b><i>kooperativ<\/i><\/b><\/span><\/li>\n<li><span class=\"author-a-az82zgz73zuz87zfz84z7z78zlz89z0z87zz79zz85z\">gegen\u00fcber Eltern: <\/span><span class=\"author-a-az82zgz73zuz87zfz84z7z78zlz89z0z87zz79zz85z b i\"><b><i>gespr\u00e4chsbereit<\/i><\/b><\/span><\/li>\n<li><span class=\"author-a-az82zgz73zuz87zfz84z7z78zlz89z0z87zz79zz85z\">gegen\u00fcber der Umwelt: <\/span><span class=\"author-a-az82zgz73zuz87zfz84z7z78zlz89z0z87zz79zz85z b i\"><b><i>verantwortungsbewusst<\/i><\/b><\/span><\/li>\n<\/ul>\n<h3>Unser Profil: Musik, Theater, Kunst<\/h3>\n<p><span class=\"author-a-az82zgz73zuz87zfz84z7z78zlz89z0z87zz79zz85z\">Neben dem verbindlichen F\u00e4cherkanon legen wir besonderen Wert auf die F\u00f6rderung unserer Kinder im musischen und k\u00fcnstlerischen Bereich.\u00a0<\/span><\/p>\n<p id=\"magicdomid82\"><span class=\"author-a-az82zgz73zuz87zfz84z7z78zlz89z0z87zz79zz85z\">Im Ablauf eines Schuljahres werden unsere Schwerpunkte deutlich:<\/span><\/p>\n<h5><span class=\"author-a-az82zgz73zuz87zfz84z7z78zlz89z0z87zz79zz85z\">Einschulungsfeier im September:<\/span><\/h5>\n<p id=\"magicdomid85\"><span class=\"author-a-az82zgz73zuz87zfz84z7z78zlz89z0z87zz79zz85z\">Die Schulanf\u00e4nger werden von den Zweitkl\u00e4sslern mit Musik, Tanz und einem Theaterst\u00fcck begr\u00fc\u00dft und willkommen gehei\u00dfen.<\/span><\/p>\n<h5><span class=\"author-a-az82zgz73zuz87zfz84z7z78zlz89z0z87zz79zz85z\">Im Oktober:<\/span><\/h5>\n<p><span class=\"author-a-az82zgz73zuz87zfz84z7z78zlz89z0z87zz79zz85z\">Den Anfang des Schuljahres feiert die ganze Schule mit Lehrern und Eltern\u00a0 mit einem \u00f6kumenischen Gottesdienst in der katholischen Kirche\u00a0<\/span><span class=\"author-a-az82zgz73zuz87zfz84z7z78zlz89z0z87zz79zz85z\">in Neuershausen.<\/span><\/p>\n<h5><span class=\"author-a-az82zgz73zuz87zfz84z7z78zlz89z0z87zz79zz85z\">In der Adventszeit:<\/span><\/h5>\n<ul class=\"list-bullet1\">\n<li><span class=\"author-a-az82zgz73zuz87zfz84z7z78zlz89z0z87zz79zz85z\">Wir schm\u00fccken unser Schulhaus f\u00fcr den Advent. Zusammen mit Eltern wird unsere Schule zu einer offenen Adventswerkstatt mit zahlreichen Bastelangeboten.<\/span><\/li>\n<li><span class=\"author-a-az82zgz73zuz87zfz84z7z78zlz89z0z87zz79zz85z\">Wir beginnen jede Woche im Advent mit einer gemeinsamen Adventsfeier im Foyer der Schule.<\/span><\/li>\n<li><span class=\"author-a-az82zgz73zuz87zfz84z7z78zlz89z0z87zz79zz85z\">Im Wechsel bereichert eine Klasse die Weihnachtsfeier in der Caritas Behindertenwerkstatt mit musikalischen Beitr\u00e4gen und einem kleinen Weihnachtsspiel.<\/span><\/li>\n<li><span class=\"author-a-az82zgz73zuz87zfz84z7z78zlz89z0z87zz79zz85z\">Zur\u00a0 Weihnachtsfeier unserer Schulgemeinde in der Kirche in Neuershausen bereitet jede Klasse ein Programm mit Musikst\u00fccken, Liedern, Instrumentalgruppen, weihnachtlichen Texten und\u00a0 einem Weihnachtsspiel vor. Hierzu sind die Eltern, Verwandten und alle Mitarbeiter der Caritas- Behindertenwerkstatt eingeladen.<\/span><\/li>\n<li><span class=\"author-a-az82zgz73zuz87zfz84z7z78zlz89z0z87zz79zz85z\">Wir beteiligen uns am d\u00f6rflichen Adventsgeschehen (z. B. Seniorennachmittag, Weihnachtsmarkt)<\/span><\/li>\n<li><span class=\"author-a-az82zgz73zuz87zfz84z7z78zlz89z0z87zz79zz85z\">Die ganze Schule besucht das Weihnachtsm\u00e4rchen im Stadttheater Freiburg.<\/span><\/li>\n<\/ul>\n<h5><span class=\"author-a-az82zgz73zuz87zfz84z7z78zlz89z0z87zz79zz85z\">Vor den Winterferien:<\/span><\/h5>\n<p id=\"magicdomid102\"><span class=\"author-a-az82zgz73zuz87zfz84z7z78zlz89z0z87zz79zz85z\">Wir pflegen die Fastnachtsbr\u00e4uche unseres Dorfes. Entsprechende Lieder, Spr\u00fcche, T\u00e4nze begleiten unser Fastnachtstreiben in der Schule und beim Umzug durchs Dorf. Unsere Kinder werden von den Marchwaldgeistern und der Guggemusik\u00a0<\/span><span class=\"author-a-az82zgz73zuz87zfz84z7z78zlz89z0z87zz79zz85z\">\u201eBl\u00e4chschade\u201c befreit und beteiligen sich am Rathaussturm.<\/span><\/p>\n<h5><span class=\"author-a-az82zgz73zuz87zfz84z7z78zlz89z0z87zz79zz85z\">Im Fr\u00fchjahr:<\/span><\/h5>\n<p id=\"magicdomid106\"><span class=\"author-a-az82zgz73zuz87zfz84z7z78zlz89z0z87zz79zz85z\">Zeit f\u00fcr Landschulheimaufenthalte, Ausfl\u00fcge und Unterrichtsg\u00e4nge. Die Neuershauser \u201eKinderolympiade\u201c findet auf dem Schlossgartenspielplatz statt. Das Schulfest oder im j\u00e4hrlichen Wechsel unser Theatertag werden <\/span><span class=\"author-a-az82zgz73zuz87zfz84z7z78zlz89z0z87zz79zz85z\">vorbereitet.<\/span><\/p>\n<h5><span class=\"author-a-az82zgz73zuz87zfz84z7z78zlz89z0z87zz79zz85z\">Schulfest:<\/span><\/h5>\n<p id=\"magicdomid110\"><span class=\"author-a-az82zgz73zuz87zfz84z7z78zlz89z0z87zz79zz85z\">Er\u00f6ffnung mit einem Kurzprogramm jeder Klasse in der Halle (Instrumentalgruppen, Trommelprojekt, T\u00e4nze, Lieder, sportliche Darbietungen). W\u00e4hrend des Nachmittags Spielangebot durch das Freiburger Spielmobil.<\/span><\/p>\n<p id=\"magicdomid111\"><span class=\"author-a-az82zgz73zuz87zfz84z7z78zlz89z0z87zz79zz85z\">Am Vorabend: Elternhock mit Musik und Tanz unter dem Motto \u201eSchw\u00e4tzen \u2013 Sitzen \u2013 Schwoofen\u201c.<\/span><\/p>\n<h5><span class=\"author-a-az82zgz73zuz87zfz84z7z78zlz89z0z87zz79zz85z\">Theaterprojekt \u2013 unser Highlight:<br \/>\n<\/span><\/h5>\n<p id=\"magicdomid114\"><span class=\"author-a-az82zgz73zuz87zfz84z7z78zlz89z0z87zz79zz85z\">Die Theaterst\u00fccke aus dem Musical-Bereich werden so ausgesucht, bzw. so umgeschrieben, dass alle Kinder unserer Schule mitspielen k\u00f6nnen. Jedes Kind \u00fcbernimmt seine Rolle, gewinnt an Selbstbewusstsein und\u00a0<\/span><span class=\"author-a-az82zgz73zuz87zfz84z7z78zlz89z0z87zz79zz85z\">erf\u00e4hrt ein intensives Gef\u00fchl der Zusammengeh\u00f6rigkeit: Gemeinsam sind wir stark! In der Vorbereitungs-Projektwoche Kulissenbau der Eltern und Lehrer.<\/span><\/p>\n<h5>Zum Schuljahrresende<\/h5>\n<p>Jedes Schuljahr schlie\u00dft mit einem oftmals selbst gedichteten Ferienlied.<br \/>\nAm letzten Schultag wandern wir gemeinsam in die evangelische Kirche nach Hugstetten und feiern einen \u00f6kumenischen Abschlussgottesdienst.<br \/>\nDanach werden die Kinder in die Ferien entlassen.<\/p>\n<h3>Die Grundschule Neuershausen bietet au\u00dferdem:<\/h3>\n<ul>\n<li>Bewegte Pause mit unterschiedlichen Materialien<\/li>\n<li>Rhytmus-AG (Trommeln, Boomwhacker, &#8230;)<\/li>\n<li>Schulchor<\/li>\n<li>Leseprojekte<\/li>\n<li>Klassenbibliotheken<\/li>\n<li>Umweltprojekte<\/li>\n<li>Sportaktivit\u00e4ten (Kinderolympiade, Sponsorenlauf, &#8230;)<\/li>\n<li>Schulgarten<\/li>\n<li>und einen Schulhund f\u00fcr die tiergest\u00fctzte P\u00e4dagogik<\/li>\n<\/ul>\n<h5>Im Verlauf eines Schuljahres haben Begegnungen und gemeinsame Vorhaben mit unseren Kooperationspartnern Raum:<\/h5>\n<ul>\n<li><a href=\"https:\/\/fv.gs-neuershausen.de\" target=\"_blank\" rel=\"noopener\">F\u00f6rderverein der Grundschule Neuershausen<\/a><\/li>\n<li>Kinderg\u00e4rten<\/li>\n<li>Musikverein Neuershausen<\/li>\n<li>Caritas-Werkstatt Neuershausen<\/li>\n<li>Tennisclub March<\/li>\n<li>Musikschule im Breisgau<\/li>\n<\/ul>\n","protected":false},"excerpt":{"rendered":"<p>Wir pr\u00e4gen unsere Schule gemeinsam! Unsere Schule ist ein Ort, an dem das Zusammenleben gef\u00f6rdert und ge\u00fcbt wird. Die Pers\u00f6nlichkeitsbildung unserer Sch\u00fcler liegt uns sehr am Herzen.\u00a0 Unser Ziel sind offene, kritische, selbstst\u00e4ndige, selbstbewusste und teamf\u00e4hige Kinder, die lernen, dass ihre Freiheit nur so weit gehen kann, bis sie den Anderen einschr\u00e4nkt. Dazu geh\u00f6rt das &hellip; <a href=\"https:\/\/gs-neuershausen.de\/?page_id=125\" class=\"more-link\"><span class=\"screen-reader-text\">Schulprofil<\/span> weiterlesen <span class=\"meta-nav\">&rarr;<\/span><\/a><\/p>\n","protected":false},"author":1,"featured_media":0,"parent":0,"menu_order":0,"comment_status":"closed","ping_status":"closed","template":"","meta":{"footnotes":""},"_links":{"self":[{"href":"https:\/\/gs-neuershausen.de\/index.php?rest_route=\/wp\/v2\/pages\/125"}],"collection":[{"href":"https:\/\/gs-neuershausen.de\/index.php?rest_route=\/wp\/v2\/pages"}],"about":[{"href":"https:\/\/gs-neuershausen.de\/index.php?rest_route=\/wp\/v2\/types\/page"}],"author":[{"embeddable":true,"href":"https:\/\/gs-neuershausen.de\/index.php?rest_route=\/wp\/v2\/users\/1"}],"replies":[{"embeddable":true,"href":"https:\/\/gs-neuershausen.de\/index.php?rest_route=%2Fwp%2Fv2%2Fcomments&post=125"}],"version-history":[{"count":37,"href":"https:\/\/gs-neuershausen.de\/index.php?rest_route=\/wp\/v2\/pages\/125\/revisions"}],"predecessor-version":[{"id":1138,"href":"https:\/\/gs-neuershausen.de\/index.php?rest_route=\/wp\/v2\/pages\/125\/revisions\/1138"}],"wp:attachment":[{"href":"https:\/\/gs-neuershausen.de\/index.php?rest_route=%2Fwp%2Fv2%2Fmedia&parent=125"}],"curies":[{"name":"wp","href":"https:\/\/api.w.org\/{rel}","templated":true}]}}